{"id":89,"date":"2021-02-22T22:00:25","date_gmt":"2021-02-22T22:00:25","guid":{"rendered":"http:\/\/www.gpc66.fr\/public\/?page_id=89"},"modified":"2023-03-01T12:40:54","modified_gmt":"2023-03-01T12:40:54","slug":"carte-acces-et-de-stationnement-canyon-cascades-de-baousous","status":"publish","type":"page","link":"https:\/\/www.gpc66.fr\/public\/carte-acces-et-de-stationnement-canyon-cascades-de-baousous\/","title":{"rendered":"Carte d&rsquo;acc\u00e9s et de stationnement Canyon Cascades de Baousous"},"content":{"rendered":"<p>&nbsp;<\/p>\n<p>&nbsp;<br \/>\nVous rendre \u00e0 C\u00e9ret, traverser la ville en direction du coll\u00e8ge, prendre la route de Maureillas, apr\u00e8s le Camping de Nogar\u00e8de, vous trouverez un rond point, prendre la premi\u00e8re \u00e0 droite jusqu&rsquo;au parking en lisi\u00e8re de bois <strong>\u00ab\u00a0parking du canal\u00a0\u00bb<\/strong>. D\u00e9part p\u00e9destre par un sentier au canyon.<\/p>\n<p style=\"text-align: center;\"><iframe loading=\"lazy\" src=\"https:\/\/www.google.com\/maps\/d\/embed?mid=16nEmJluQn0Hmjkk1Q-_ukHpvE25iRjE5\" width=\"100%\" height=\"480\"><\/iframe><\/p>\n<p>&nbsp;<\/p>\n<p>&nbsp;<\/p>\n","protected":false},"excerpt":{"rendered":"<p>&nbsp; &nbsp; Vous rendre \u00e0 C\u00e9ret, traverser la ville en direction du coll\u00e8ge, prendre la route de Maureillas, apr\u00e8s le Camping de Nogar\u00e8de, vous trouverez un rond point, prendre la premi\u00e8re \u00e0 droite jusqu&rsquo;au parking en lisi\u00e8re de bois \u00ab\u00a0parking du canal\u00a0\u00bb. D\u00e9part p\u00e9destre par un sentier au canyon. &nbsp; &nbsp;<\/p>\n","protected":false},"author":1,"featured_media":0,"parent":0,"menu_order":0,"comment_status":"closed","ping_status":"closed","template":"","meta":{"site-sidebar-layout":"default","site-content-layout":"default","ast-site-content-layout":"default","site-content-style":"default","site-sidebar-style":"default","ast-global-header-display":"","ast-banner-title-visibility":"","ast-main-header-display":"","ast-hfb-above-header-display":"","ast-hfb-below-header-display":"","ast-hfb-mobile-header-display":"","site-post-title":"","ast-breadcrumbs-content":"","ast-featured-img":"","footer-sml-layout":"","ast-disable-related-posts":"","theme-transparent-header-meta":"default","adv-header-id-meta":"33","stick-header-meta":"default","header-above-stick-meta":"","header-main-stick-meta":"","header-below-stick-meta":"","astra-migrate-meta-layouts":"default","ast-page-background-enabled":"default","ast-page-background-meta":{"desktop":{"background-color":"","background-image":"","background-repeat":"repeat","background-position":"center center","background-size":"auto","background-attachment":"scroll","background-type":"","background-media":"","overlay-type":"","overlay-color":"","overlay-opacity":"","overlay-gradient":""},"tablet":{"background-color":"","background-image":"","background-repeat":"repeat","background-position":"center center","background-size":"auto","background-attachment":"scroll","background-type":"","background-media":"","overlay-type":"","overlay-color":"","overlay-opacity":"","overlay-gradient":""},"mobile":{"background-color":"","background-image":"","background-repeat":"repeat","background-position":"center center","background-size":"auto","background-attachment":"scroll","background-type":"","background-media":"","overlay-type":"","overlay-color":"","overlay-opacity":"","overlay-gradient":""}},"ast-content-background-meta":{"desktop":{"background-color":"var(--ast-global-color-5)","background-image":"","background-repeat":"repeat","background-position":"center center","background-size":"auto","background-attachment":"scroll","background-type":"","background-media":"","overlay-type":"","overlay-color":"","overlay-opacity":"","overlay-gradient":""},"tablet":{"background-color":"var(--ast-global-color-5)","background-image":"","background-repeat":"repeat","background-position":"center center","background-size":"auto","background-attachment":"scroll","background-type":"","background-media":"","overlay-type":"","overlay-color":"","overlay-opacity":"","overlay-gradient":""},"mobile":{"background-color":"var(--ast-global-color-5)","background-image":"","background-repeat":"repeat","background-position":"center center","background-size":"auto","background-attachment":"scroll","background-type":"","background-media":"","overlay-type":"","overlay-color":"","overlay-opacity":"","overlay-gradient":""}},"footnotes":""},"class_list":["post-89","page","type-page","status-publish","hentry"],"_links":{"self":[{"href":"https:\/\/www.gpc66.fr\/public\/wp-json\/wp\/v2\/pages\/89","targetHints":{"allow":["GET"]}}],"collection":[{"href":"https:\/\/www.gpc66.fr\/public\/wp-json\/wp\/v2\/pages"}],"about":[{"href":"https:\/\/www.gpc66.fr\/public\/wp-json\/wp\/v2\/types\/page"}],"author":[{"embeddable":true,"href":"https:\/\/www.gpc66.fr\/public\/wp-json\/wp\/v2\/users\/1"}],"replies":[{"embeddable":true,"href":"https:\/\/www.gpc66.fr\/public\/wp-json\/wp\/v2\/comments?post=89"}],"version-history":[{"count":7,"href":"https:\/\/www.gpc66.fr\/public\/wp-json\/wp\/v2\/pages\/89\/revisions"}],"predecessor-version":[{"id":366,"href":"https:\/\/www.gpc66.fr\/public\/wp-json\/wp\/v2\/pages\/89\/revisions\/366"}],"wp:attachment":[{"href":"https:\/\/www.gpc66.fr\/public\/wp-json\/wp\/v2\/media?parent=89"}],"curies":[{"name":"wp","href":"https:\/\/api.w.org\/{rel}","templated":true}]}}