{"id":101,"date":"2021-03-02T16:46:34","date_gmt":"2021-03-02T16:46:34","guid":{"rendered":"http:\/\/www.gpc66.fr\/public\/?page_id=101"},"modified":"2023-03-01T12:03:32","modified_gmt":"2023-03-01T12:03:32","slug":"carte-dacces-et-de-stationnement-canyon-du-llech","status":"publish","type":"page","link":"https:\/\/www.gpc66.fr\/public\/carte-dacces-et-de-stationnement-canyon-du-llech\/","title":{"rendered":"Carte d\u2019acc\u00e8s et de stationnement Canyon du Llech"},"content":{"rendered":"<p>&nbsp;<\/p>\n<p>Pour vous rendre au Canyon du Llech vous devez aller \u00e0 Prades.<br \/>\nAu premier rond point prendre la 3\u00e8me sortie en direction de Clara, vous traverserez le hameau de la Sacristie, \u00e0 l&rsquo;intersection prendre \u00e0 droite direction Villerach. Vous traverserez Villerach, puis vous suivrez une piste jusqu&rsquo;au Parking du llech situ\u00e9 au Coll del Forn.<\/p>\n<p><iframe loading=\"lazy\" src=\"https:\/\/www.google.com\/maps\/d\/embed?mid=1XPDX4_VVzAQJg1QPHF1D9Tc_TgU\" width=\"100%\" height=\"480\"><\/iframe><\/p>\n<p>&nbsp;<\/p>\n","protected":false},"excerpt":{"rendered":"<p>&nbsp; Pour vous rendre au Canyon du Llech vous devez aller \u00e0 Prades. Au premier rond point prendre la 3\u00e8me sortie en direction de Clara, vous traverserez le hameau de la Sacristie, \u00e0 l&rsquo;intersection prendre \u00e0 droite direction Villerach. Vous traverserez Villerach, puis vous suivrez une piste jusqu&rsquo;au Parking du llech situ\u00e9 au Coll del [&hellip;]<\/p>\n","protected":false},"author":1,"featured_media":0,"parent":0,"menu_order":0,"comment_status":"closed","ping_status":"closed","template":"","meta":{"site-sidebar-layout":"default","site-content-layout":"default","ast-site-content-layout":"default","site-content-style":"default","site-sidebar-style":"default","ast-global-header-display":"","ast-banner-title-visibility":"","ast-main-header-display":"","ast-hfb-above-header-display":"","ast-hfb-below-header-display":"","ast-hfb-mobile-header-display":"","site-post-title":"","ast-breadcrumbs-content":"","ast-featured-img":"","footer-sml-layout":"","ast-disable-related-posts":"","theme-transparent-header-meta":"default","adv-header-id-meta":"33","stick-header-meta":"default","header-above-stick-meta":"","header-main-stick-meta":"","header-below-stick-meta":"","astra-migrate-meta-layouts":"default","ast-page-background-enabled":"default","ast-page-background-meta":{"desktop":{"background-color":"","background-image":"","background-repeat":"repeat","background-position":"center center","background-size":"auto","background-attachment":"scroll","background-type":"","background-media":"","overlay-type":"","overlay-color":"","overlay-opacity":"","overlay-gradient":""},"tablet":{"background-color":"","background-image":"","background-repeat":"repeat","background-position":"center center","background-size":"auto","background-attachment":"scroll","background-type":"","background-media":"","overlay-type":"","overlay-color":"","overlay-opacity":"","overlay-gradient":""},"mobile":{"background-color":"","background-image":"","background-repeat":"repeat","background-position":"center center","background-size":"auto","background-attachment":"scroll","background-type":"","background-media":"","overlay-type":"","overlay-color":"","overlay-opacity":"","overlay-gradient":""}},"ast-content-background-meta":{"desktop":{"background-color":"var(--ast-global-color-5)","background-image":"","background-repeat":"repeat","background-position":"center center","background-size":"auto","background-attachment":"scroll","background-type":"","background-media":"","overlay-type":"","overlay-color":"","overlay-opacity":"","overlay-gradient":""},"tablet":{"background-color":"var(--ast-global-color-5)","background-image":"","background-repeat":"repeat","background-position":"center center","background-size":"auto","background-attachment":"scroll","background-type":"","background-media":"","overlay-type":"","overlay-color":"","overlay-opacity":"","overlay-gradient":""},"mobile":{"background-color":"var(--ast-global-color-5)","background-image":"","background-repeat":"repeat","background-position":"center center","background-size":"auto","background-attachment":"scroll","background-type":"","background-media":"","overlay-type":"","overlay-color":"","overlay-opacity":"","overlay-gradient":""}},"footnotes":""},"class_list":["post-101","page","type-page","status-publish","hentry"],"_links":{"self":[{"href":"https:\/\/www.gpc66.fr\/public\/wp-json\/wp\/v2\/pages\/101","targetHints":{"allow":["GET"]}}],"collection":[{"href":"https:\/\/www.gpc66.fr\/public\/wp-json\/wp\/v2\/pages"}],"about":[{"href":"https:\/\/www.gpc66.fr\/public\/wp-json\/wp\/v2\/types\/page"}],"author":[{"embeddable":true,"href":"https:\/\/www.gpc66.fr\/public\/wp-json\/wp\/v2\/users\/1"}],"replies":[{"embeddable":true,"href":"https:\/\/www.gpc66.fr\/public\/wp-json\/wp\/v2\/comments?post=101"}],"version-history":[{"count":11,"href":"https:\/\/www.gpc66.fr\/public\/wp-json\/wp\/v2\/pages\/101\/revisions"}],"predecessor-version":[{"id":355,"href":"https:\/\/www.gpc66.fr\/public\/wp-json\/wp\/v2\/pages\/101\/revisions\/355"}],"wp:attachment":[{"href":"https:\/\/www.gpc66.fr\/public\/wp-json\/wp\/v2\/media?parent=101"}],"curies":[{"name":"wp","href":"https:\/\/api.w.org\/{rel}","templated":true}]}}